{"id":5270,"date":"2024-09-17T13:21:45","date_gmt":"2024-09-17T11:21:45","guid":{"rendered":"https:\/\/decker-anlagenbau.de\/imprint\/"},"modified":"2026-04-27T15:12:35","modified_gmt":"2026-04-27T13:12:35","slug":"imprint","status":"publish","type":"page","link":"https:\/\/decker-anlagenbau.de\/en\/imprint\/","title":{"rendered":"Imprint"},"content":{"rendered":"<p><\/p><div class=\"fusion-fullwidth fullwidth-box fusion-builder-row-1 fusion-flex-container has-pattern-background has-mask-background fusion-parallax-none hundred-percent-fullwidth non-hundred-percent-height-scrolling fusion-no-small-visibility fusion-no-medium-visibility\" style=\"--awb-border-radius-top-left:0px;--awb-border-radius-top-right:0px;--awb-border-radius-bottom-right:0px;--awb-border-radius-bottom-left:0px;--awb-padding-right:0px;--awb-padding-left:0px;--awb-min-height:750px;--awb-background-image:url(&quot;https:\/\/decker-anlagenbau.de\/wp-content\/uploads\/sites\/2\/2026\/04\/202507_Luftaufnahmen_Wegscheid_1920x720.jpg&quot;);--awb-background-size:cover;--awb-flex-wrap:wrap;\"><div class=\"fusion-builder-row fusion-row fusion-flex-align-items-flex-end fusion-flex-content-wrap\" style=\"width:104% !important;max-width:104% !important;margin-left: calc(-4% \/ 2 );margin-right: calc(-4% \/ 2 );\"><div class=\"fusion-layout-column fusion_builder_column fusion-builder-column-0 fusion_builder_column_1_1 1_1 fusion-flex-column\" style=\"--awb-bg-image:url('https:\/\/decker-anlagenbau.de\/wp-content\/uploads\/sites\/2\/2025\/07\/Videomaske-1920x358-3.svg');--awb-bg-size:cover;--awb-width-large:100%;--awb-margin-top-large:0px;--awb-spacing-right-large:1.92%;--awb-margin-bottom-large:0px;--awb-spacing-left-large:1.92%;--awb-width-medium:100%;--awb-order-medium:0;--awb-spacing-right-medium:1.92%;--awb-spacing-left-medium:1.92%;--awb-width-small:100%;--awb-order-small:0;--awb-spacing-right-small:1.92%;--awb-spacing-left-small:1.92%;\"><div class=\"fusion-column-wrapper fusion-column-has-shadow fusion-flex-justify-content-flex-start fusion-content-layout-column fusion-empty-column-bg-image fusion-column-has-bg-image\" data-bg-url=\"https:\/\/decker-anlagenbau.de\/wp-content\/uploads\/sites\/2\/2025\/07\/Videomaske-1920x358-3.svg\"><img decoding=\"async\" class=\"fusion-empty-dims-img-placeholder\" alt=\"Wei\u00dfe Schr\u00e4ge mit gr\u00fcnem Balken als Designelement\" aria-label=\"Wei\u00dfe Schr\u00e4ge mit gr\u00fcnem Balken\" src=\"data:image\/svg+xml,%3Csvg%20xmlns%3D%27http%3A%2F%2Fwww.w3.org%2F2000%2Fsvg%27%20width%3D%271920%27%20height%3D%27358%27%20viewBox%3D%270%200%201920%20358%27%3E%3Crect%20width%3D%271920%27%20height%3D%27358%27%20fill-opacity%3D%220%22%2F%3E%3C%2Fsvg%3E\"><\/div><\/div>\n<\/div><\/div><div class=\"fusion-fullwidth fullwidth-box fusion-builder-row-2 fusion-flex-container has-pattern-background has-mask-background hundred-percent-fullwidth non-hundred-percent-height-scrolling fusion-no-small-visibility fusion-no-large-visibility\" style=\"--awb-border-radius-top-left:0px;--awb-border-radius-top-right:0px;--awb-border-radius-bottom-right:0px;--awb-border-radius-bottom-left:0px;--awb-padding-right:0px;--awb-padding-left:0px;--awb-min-height:700px;--awb-min-height-small:650px;--awb-background-color-small:var(--awb-color2);--awb-background-image-medium:url('https:\/\/www.fuchs-gfk.de\/wp-content\/uploads\/2024\/08\/Werksgelaende-FUCHS-Europoles-Wind-Kopie.webp');--awb-background-image-small:url('https:\/\/www.fuchs-gfk.de\/wp-content\/uploads\/2024\/08\/Werksgelaende-FUCHS-Europoles-Wind-Kopie.webp');--awb-flex-wrap:wrap;\"><div class=\"fusion-builder-row fusion-row fusion-flex-align-items-flex-end fusion-flex-content-wrap\" style=\"width:104% !important;max-width:104% !important;margin-left: calc(-4% \/ 2 );margin-right: calc(-4% \/ 2 );\"><div class=\"fusion-layout-column fusion_builder_column fusion-builder-column-1 fusion_builder_column_1_1 1_1 fusion-flex-column\" style=\"--awb-bg-size:cover;--awb-width-large:100%;--awb-margin-top-large:0px;--awb-spacing-right-large:1.92%;--awb-margin-bottom-large:0px;--awb-spacing-left-large:1.92%;--awb-width-medium:100%;--awb-order-medium:0;--awb-spacing-right-medium:1.92%;--awb-spacing-left-medium:1.92%;--awb-width-small:100%;--awb-order-small:0;--awb-spacing-right-small:1.92%;--awb-spacing-left-small:1.92%;\"><div class=\"fusion-column-wrapper fusion-column-has-shadow fusion-flex-justify-content-flex-start fusion-content-layout-column\"><div class=\"fusion-image-element \" style=\"--awb-caption-title-font-family:var(--h2_typography-font-family);--awb-caption-title-font-weight:var(--h2_typography-font-weight);--awb-caption-title-font-style:var(--h2_typography-font-style);--awb-caption-title-size:var(--h2_typography-font-size);--awb-caption-title-transform:var(--h2_typography-text-transform);--awb-caption-title-line-height:var(--h2_typography-line-height);--awb-caption-title-letter-spacing:var(--h2_typography-letter-spacing);\"><span class=\" fusion-imageframe imageframe-none imageframe-1 hover-type-none\"><img decoding=\"async\" src=\"https:\/\/www.fuchs-energiesysteme.de\/wp-content\/uploads\/2024\/07\/FUCHS-Separator.svg\" alt class=\"img-responsive wp-image-52\"><\/span><\/div><\/div><\/div><\/div><\/div><div class=\"fusion-fullwidth fullwidth-box fusion-builder-row-3 fusion-flex-container has-pattern-background has-mask-background hundred-percent-fullwidth non-hundred-percent-height-scrolling\" style=\"--awb-border-radius-top-left:0px;--awb-border-radius-top-right:0px;--awb-border-radius-bottom-right:0px;--awb-border-radius-bottom-left:0px;--awb-padding-right:0px;--awb-padding-left:0px;--awb-padding-top-small:0px;--awb-padding-right-small:0px;--awb-padding-bottom-small:0px;--awb-padding-left-small:0px;--awb-margin-top:-150px;--awb-margin-bottom:110px;--awb-margin-top-small:-40px;--awb-flex-wrap:wrap;\"><div class=\"fusion-builder-row fusion-row fusion-flex-align-items-flex-start fusion-flex-content-wrap\" style=\"width:104% !important;max-width:104% !important;margin-left: calc(-4% \/ 2 );margin-right: calc(-4% \/ 2 );\"><div class=\"fusion-layout-column fusion_builder_column fusion-builder-column-2 fusion_builder_column_1_1 1_1 fusion-flex-column\" style=\"--awb-padding-right:800px;--awb-padding-left:200px;--awb-padding-top-medium:50px;--awb-padding-right-medium:300px;--awb-padding-right-small:30px;--awb-padding-left-small:30px;--awb-bg-size:cover;--awb-width-large:100%;--awb-margin-top-large:0px;--awb-spacing-right-large:1.92%;--awb-margin-bottom-large:0px;--awb-spacing-left-large:1.92%;--awb-width-medium:100%;--awb-order-medium:0;--awb-spacing-right-medium:1.92%;--awb-spacing-left-medium:1.92%;--awb-width-small:100%;--awb-order-small:0;--awb-margin-top-small:0px;--awb-spacing-right-small:1.92%;--awb-margin-bottom-small:0px;--awb-spacing-left-small:2.4%;\"><div class=\"fusion-column-wrapper fusion-column-has-shadow fusion-flex-justify-content-flex-start fusion-content-layout-column\"><div class=\"fusion-title title fusion-title-1 fusion-sep-none fusion-title-text fusion-title-size-one\"><h1 class=\"fusion-title-heading title-heading-left\" style=\"margin:0;\">Imprint<span style=\"color: var(--awb-color5)\">.<\/span><\/h1><\/div><\/div><\/div><div class=\"fusion-layout-column fusion_builder_column fusion-builder-column-3 fusion_builder_column_1_1 1_1 fusion-flex-column\" style=\"--awb-padding-right:600px;--awb-padding-left:200px;--awb-padding-right-medium:300px;--awb-padding-right-small:50px;--awb-padding-left-small:30px;--awb-bg-size:cover;--awb-width-large:100%;--awb-margin-top-large:0px;--awb-spacing-right-large:1.92%;--awb-margin-bottom-large:20px;--awb-spacing-left-large:1.92%;--awb-width-medium:100%;--awb-order-medium:0;--awb-spacing-right-medium:1.92%;--awb-spacing-left-medium:1.92%;--awb-width-small:100%;--awb-order-small:0;--awb-spacing-right-small:1.92%;--awb-spacing-left-small:2.4%;\" data-scroll-devices=\"small-visibility,medium-visibility,large-visibility\"><div class=\"fusion-column-wrapper fusion-column-has-shadow fusion-flex-justify-content-flex-start fusion-content-layout-column\"><div class=\"fusion-text fusion-text-1 fusion-text-no-margin\" style=\"--awb-font-size:var(--awb-typography4-font-size);--awb-line-height:var(--awb-typography4-line-height);--awb-letter-spacing:var(--awb-typography4-letter-spacing);--awb-text-transform:var(--awb-typography4-text-transform);--awb-margin-right:0px;--awb-margin-left:0px;--awb-text-font-family:var(--awb-typography4-font-family);--awb-text-font-weight:var(--awb-typography4-font-weight);--awb-text-font-style:var(--awb-typography4-font-style);\"><p><strong style=\"letter-spacing: 0.24px; background-color: rgba(0, 0, 0, 0);\">DECKER Anla\u00adgen\u00adbau GmbH<br><\/strong><span style=\"letter-spacing: 0.24px; background-color: rgba(0, 0, 0, 0);\">Weg\u00adscheid 1a <br><\/span><span style=\"background-color: rgba(0, 0, 0, 0); letter-spacing: 0.24px;\">92334 Ber\u00adching<br><\/span><span style=\"background-color: rgba(0, 0, 0, 0); letter-spacing: 0.24px;\">Ger\u00adma\u00adny<\/span><\/p>\n<p>Pho\u00adne: <a href=\"tel:+4984622006170\">+49 8462 20 06 17\u20130<\/a><br>Fax: +49 8462 20 06 17\u201311<br>E\u2011mail: <a href=\"mailto:info@decker-anlagenbau.de\">info@decker-anlagenbau.de<\/a><\/p>\n<p><b>Regis\u00adter court<br><\/b><span style=\"letter-spacing: 0.24px; background-color: rgba(0, 0, 0, 0);\">Nurem\u00adberg Local Court B 12423<\/span><\/p>\n<p><span style=\"letter-spacing: 0.24px; background-color: rgba(0, 0, 0, 0);\"><b>Sales tax iden\u00adti\u00adfi\u00adca\u00adti\u00adon num\u00adber<br><\/b><\/span><span style=\"letter-spacing: 0.24px; background-color: rgba(0, 0, 0, 0);\">DE 161 969 193<\/span><\/p>\n<p><b>Mana\u00adging Direc\u00adtor<\/b><br><span style=\"letter-spacing: 0.24px; background-color: rgba(0, 0, 0, 0);\">Dipl.-Ing. (FH) Bern\u00adhard Hil\u00adli\u00adges<\/span><\/p>\n<h2>Copyright and link liability<\/h2>\n<p>We exclude any lia\u00adbi\u00adli\u00adty \u2014 in par\u00adti\u00adcu\u00adlar for any dama\u00adge or con\u00adse\u00adquen\u00adces ari\u00adsing from the use of the con\u00adtent pre\u00adsen\u00adted on this ser\u00adver. Nor can any lia\u00adbi\u00adli\u00adty be accept\u00aded that this data is free of third-par\u00adty rights. <\/p>\n<p>We have no influence on the con\u00adtent of exter\u00adnal web\u00adsites. Hyper\u00adlinks lea\u00adding out of this web\u00adsite were crea\u00adted after vie\u00adw\u00ading the lin\u00adked pages. Howe\u00adver, web\u00adsites are sub\u00adject to fre\u00adquent chan\u00adges. The\u00adr\u00ade\u00adfo\u00adre, if an exter\u00adnal link does not work or does not lead to the spe\u00adci\u00adfied desti\u00adna\u00adti\u00adon, plea\u00adse let us know \u2014 we will be hap\u00adpy to cor\u00adrect any errors. If you have any reason to com\u00adplain about the con\u00adtent of a lin\u00adked page, plea\u00adse cont\u00adact the ope\u00adra\u00adtor of that page.    <\/p>\n<p>The enti\u00adre con\u00adtent of this ser\u00adver is sub\u00adject to copy\u00adright, in par\u00adti\u00adcu\u00adlar all gra\u00adphics, pho\u00adtos, but\u00adtons and other design ele\u00adments.<\/p>\n<\/div><\/div><\/div><\/div><\/div>\n","protected":false},"excerpt":{"rendered":"","protected":false},"author":2,"featured_media":0,"parent":0,"menu_order":0,"comment_status":"closed","ping_status":"closed","template":"100-width.php","meta":{"wp_typography_post_enhancements_disabled":false,"footnotes":""},"class_list":["post-5270","page","type-page","status-publish","hentry"],"yoast_head":"<!-- This site is optimized with the Yoast SEO plugin v27.4 - https:\/\/yoast.com\/product\/yoast-seo-wordpress\/ -->\n<title>Imprint - Decker Anlagenbau<\/title>\n<meta name=\"description\" content=\"All important information on the current content of this website can be found in the DECKER legal notice.\" \/>\n<meta name=\"robots\" content=\"index, follow, max-snippet:-1, max-image-preview:large, max-video-preview:-1\" \/>\n<link rel=\"canonical\" href=\"https:\/\/decker-anlagenbau.de\/en\/imprint\/\" \/>\n<meta property=\"og:locale\" content=\"en_US\" \/>\n<meta property=\"og:type\" content=\"article\" \/>\n<meta property=\"og:title\" content=\"Imprint - Decker Anlagenbau\" \/>\n<meta property=\"og:description\" content=\"All important information on the current content of this website can be found in the DECKER legal notice.\" \/>\n<meta property=\"og:url\" content=\"https:\/\/decker-anlagenbau.de\/en\/imprint\/\" \/>\n<meta property=\"og:site_name\" content=\"Decker Anlagenbau\" \/>\n<meta property=\"article:modified_time\" content=\"2026-04-27T13:12:35+00:00\" \/>\n<meta name=\"twitter:card\" content=\"summary_large_image\" \/>\n<meta name=\"twitter:label1\" content=\"Est. reading time\" \/>\n\t<meta name=\"twitter:data1\" content=\"11 minutes\" \/>\n<script type=\"application\/ld+json\" class=\"yoast-schema-graph\">{\"@context\":\"https:\\\/\\\/schema.org\",\"@graph\":[{\"@type\":\"WebPage\",\"@id\":\"https:\\\/\\\/decker-anlagenbau.de\\\/en\\\/imprint\\\/\",\"url\":\"https:\\\/\\\/decker-anlagenbau.de\\\/en\\\/imprint\\\/\",\"name\":\"Imprint - Decker Anlagenbau\",\"isPartOf\":{\"@id\":\"https:\\\/\\\/decker-anlagenbau.de\\\/en\\\/#website\"},\"datePublished\":\"2024-09-17T11:21:45+00:00\",\"dateModified\":\"2026-04-27T13:12:35+00:00\",\"description\":\"All important information on the current content of this website can be found in the DECKER legal notice.\",\"breadcrumb\":{\"@id\":\"https:\\\/\\\/decker-anlagenbau.de\\\/en\\\/imprint\\\/#breadcrumb\"},\"inLanguage\":\"en-US\",\"potentialAction\":[{\"@type\":\"ReadAction\",\"target\":[\"https:\\\/\\\/decker-anlagenbau.de\\\/en\\\/imprint\\\/\"]}]},{\"@type\":\"BreadcrumbList\",\"@id\":\"https:\\\/\\\/decker-anlagenbau.de\\\/en\\\/imprint\\\/#breadcrumb\",\"itemListElement\":[{\"@type\":\"ListItem\",\"position\":1,\"name\":\"Startseite\",\"item\":\"https:\\\/\\\/decker-anlagenbau.de\\\/en\\\/\"},{\"@type\":\"ListItem\",\"position\":2,\"name\":\"Imprint\"}]},{\"@type\":\"WebSite\",\"@id\":\"https:\\\/\\\/decker-anlagenbau.de\\\/en\\\/#website\",\"url\":\"https:\\\/\\\/decker-anlagenbau.de\\\/en\\\/\",\"name\":\"Decker Anlagenbau\",\"description\":\"\",\"potentialAction\":[{\"@type\":\"SearchAction\",\"target\":{\"@type\":\"EntryPoint\",\"urlTemplate\":\"https:\\\/\\\/decker-anlagenbau.de\\\/en\\\/?s={search_term_string}\"},\"query-input\":{\"@type\":\"PropertyValueSpecification\",\"valueRequired\":true,\"valueName\":\"search_term_string\"}}],\"inLanguage\":\"en-US\"}]}<\/script>\n<!-- \/ Yoast SEO plugin. -->","yoast_head_json":{"title":"Imprint - Decker Anlagenbau","description":"All important information on the current content of this website can be found in the DECKER legal notice.","robots":{"index":"index","follow":"follow","max-snippet":"max-snippet:-1","max-image-preview":"max-image-preview:large","max-video-preview":"max-video-preview:-1"},"canonical":"https:\/\/decker-anlagenbau.de\/en\/imprint\/","og_locale":"en_US","og_type":"article","og_title":"Imprint - Decker Anlagenbau","og_description":"All important information on the current content of this website can be found in the DECKER legal notice.","og_url":"https:\/\/decker-anlagenbau.de\/en\/imprint\/","og_site_name":"Decker Anlagenbau","article_modified_time":"2026-04-27T13:12:35+00:00","twitter_card":"summary_large_image","twitter_misc":{"Est. reading time":"11 minutes"},"schema":{"@context":"https:\/\/schema.org","@graph":[{"@type":"WebPage","@id":"https:\/\/decker-anlagenbau.de\/en\/imprint\/","url":"https:\/\/decker-anlagenbau.de\/en\/imprint\/","name":"Imprint - Decker Anlagenbau","isPartOf":{"@id":"https:\/\/decker-anlagenbau.de\/en\/#website"},"datePublished":"2024-09-17T11:21:45+00:00","dateModified":"2026-04-27T13:12:35+00:00","description":"All important information on the current content of this website can be found in the DECKER legal notice.","breadcrumb":{"@id":"https:\/\/decker-anlagenbau.de\/en\/imprint\/#breadcrumb"},"inLanguage":"en-US","potentialAction":[{"@type":"ReadAction","target":["https:\/\/decker-anlagenbau.de\/en\/imprint\/"]}]},{"@type":"BreadcrumbList","@id":"https:\/\/decker-anlagenbau.de\/en\/imprint\/#breadcrumb","itemListElement":[{"@type":"ListItem","position":1,"name":"Startseite","item":"https:\/\/decker-anlagenbau.de\/en\/"},{"@type":"ListItem","position":2,"name":"Imprint"}]},{"@type":"WebSite","@id":"https:\/\/decker-anlagenbau.de\/en\/#website","url":"https:\/\/decker-anlagenbau.de\/en\/","name":"Decker Anlagenbau","description":"","potentialAction":[{"@type":"SearchAction","target":{"@type":"EntryPoint","urlTemplate":"https:\/\/decker-anlagenbau.de\/en\/?s={search_term_string}"},"query-input":{"@type":"PropertyValueSpecification","valueRequired":true,"valueName":"search_term_string"}}],"inLanguage":"en-US"}]}},"_links":{"self":[{"href":"https:\/\/decker-anlagenbau.de\/en\/wp-json\/wp\/v2\/pages\/5270","targetHints":{"allow":["GET"]}}],"collection":[{"href":"https:\/\/decker-anlagenbau.de\/en\/wp-json\/wp\/v2\/pages"}],"about":[{"href":"https:\/\/decker-anlagenbau.de\/en\/wp-json\/wp\/v2\/types\/page"}],"author":[{"embeddable":true,"href":"https:\/\/decker-anlagenbau.de\/en\/wp-json\/wp\/v2\/users\/2"}],"replies":[{"embeddable":true,"href":"https:\/\/decker-anlagenbau.de\/en\/wp-json\/wp\/v2\/comments?post=5270"}],"version-history":[{"count":4,"href":"https:\/\/decker-anlagenbau.de\/en\/wp-json\/wp\/v2\/pages\/5270\/revisions"}],"predecessor-version":[{"id":5278,"href":"https:\/\/decker-anlagenbau.de\/en\/wp-json\/wp\/v2\/pages\/5270\/revisions\/5278"}],"wp:attachment":[{"href":"https:\/\/decker-anlagenbau.de\/en\/wp-json\/wp\/v2\/media?parent=5270"}],"curies":[{"name":"wp","href":"https:\/\/api.w.org\/{rel}","templated":true}]}}